{"id":944,"date":"2017-04-11T11:55:41","date_gmt":"2017-04-11T14:55:41","guid":{"rendered":"https:\/\/wmw.uy\/inmobiliaria\/?page_id=944"},"modified":"2020-07-13T20:38:06","modified_gmt":"2020-07-13T23:38:06","slug":"one","status":"publish","type":"page","link":"https:\/\/wmw.uy\/inmobiliaria\/one\/","title":{"rendered":"ONE"},"content":{"rendered":"<p>[vc_row][vc_column][vc_gallery type=\u00bbflexslider_slide\u00bb interval=\u00bb3&#8243; images=\u00bb1406,739,733,735,737,732,736,734&#8243; img_size=\u00bblarge\u00bb css_animation=\u00bbfadeInDown\u00bb][vc_column_text css_animation=\u00bbfadeIn\u00bb]<\/p>\n<h3 style=\"text-align: justify;\">Vos entre el cielo, el mar y los pinos<\/h3>\n<p style=\"text-align: justify;\">El bosque y el Atl\u00e1ntico parecen cuadros a trav\u00e9s de los amplios ventanales de ONE, un proyecto innovador, moderno y con tecnolog\u00eda de \u00faltima generaci\u00f3n para el cuidado del medio ambiente.<\/p>\n<p style=\"text-align: justify;\">Todas las edades tienen su espacio de lujo en los amenities y servicios de ONE, los mismos de un hotel 5 estrellas. Sus apartamentos son de tres y cuatro domitorios.<\/p>\n<h3 style=\"text-align: justify;\">Arquitectura Contempor\u00e1nea<\/h3>\n<p style=\"text-align: justify;\">Un innovador proyecto dise\u00f1ado con el objetivo de lograr que sus propietarios sientan la comodidad de vivir en una torre de arquitectura contempor\u00e1nea, cuenta con dos n\u00facleos de circulaci\u00f3n vertical -cada uno de dos semipisos-, islas para actividades al aire libre, y apartamentos de tres y cuatro domitorios. Unidades con amplios espacios y numerosos ambientes.<\/p>\n<p style=\"text-align: justify;\">Grandes ventanales que ofrecen fant\u00e1sticas vistas hacia el Oc\u00e9ano Atl\u00e1ntico y el Bosque. Cuidadas terminaciones y detalles para atender tanto las prestaciones est\u00e9ticas como la calidad.<\/p>\n<p style=\"text-align: justify;\">Con vistas panor\u00e1micas y todos los servicios de un hotel 5 estrellas, ONE es un complejo de caracter\u00edsticas \u00fanicas. Es, adem\u00e1s, un proyecto responsable: estar\u00e1 equipado con tecnolog\u00ed\u00ada de \u00faltima generaci\u00f3n para el cuidado del medio ambiente.<\/p>\n<p>[\/vc_column_text][vc_btn title=\u00bbCont\u00e1ctenos\u00bb style=\u00bbcustom\u00bb custom_background=\u00bb#494949&#8243; custom_text=\u00bb#f9f9f9&#8243; shape=\u00bbsquare\u00bb size=\u00bblg\u00bb link=\u00bburl:https%3A%2F%2Fwmw.uy%2Fcontacto%2F|||\u00bb][\/vc_column][\/vc_row][vc_row][vc_column][vc_column_text]<\/p>\n<h3 style=\"text-align: left;\">Amenidades<\/h3>\n<p>[\/vc_column_text][\/vc_column][vc_column width=\u00bb1\/3&#8243;][vc_column_text css_animation=\u00bbfadeInUp\u00bb]<\/p>\n<ul>\n<li>\u00c1rea parquizada<\/li>\n<li>Cancha deportiva multiprop\u00f3sito<\/li>\n<li>Central telef\u00f3nica<\/li>\n<li>Gimnasio<\/li>\n<li>Internet Wi Fi en \u00e1reas comunes<\/li>\n<li>Juegos para ni\u00f1os<\/li>\n<li>No posee losa radiante<\/li>\n<\/ul>\n<p>[\/vc_column_text][\/vc_column][vc_column width=\u00bb1\/3&#8243;][vc_column_text css_animation=\u00bbfadeInUp\u00bb]<\/p>\n<ul>\n<li>Parrilleros de uso com\u00fan<\/li>\n<li>Piscina climatizada interior<\/li>\n<li>Piscina exterior<\/li>\n<li>Pre instalaci\u00f3n para aire acondicionado<\/li>\n<li>Sala de adolescentes y ni\u00f1os<\/li>\n<li>Sala de adultos<\/li>\n<\/ul>\n<p>[\/vc_column_text][\/vc_column][vc_column width=\u00bb1\/3&#8243;][vc_column_text css_animation=\u00bbfadeInUp\u00bb]<\/p>\n<ul>\n<li>Sala de masajes y relax<\/li>\n<li>Saunas<\/li>\n<li>Servicio de conserjer\u00eda 24 hs.<\/li>\n<li>Servicio de playa y traslado<\/li>\n<li>Solarium<\/li>\n<li>Toilettes<\/li>\n<\/ul>\n<p>[\/vc_column_text][\/vc_column][\/vc_row][vc_row][vc_column][vc_btn title=\u00bbVer unidades en venta\u00bb size=\u00bblg\u00bb align=\u00bbcenter\u00bb i_icon_fontawesome=\u00bbfa fa-search\u00bb css_animation=\u00bbfadeIn\u00bb add_icon=\u00bbtrue\u00bb link=\u00bburl:https%3A%2F%2Fwmw.uy%2Finmobiliaria%2Fpropiedad_etiqueta%2Fone%2F|||\u00bb][\/vc_column][\/vc_row][vc_row][vc_column][vc_column_text]<\/p>\n<h3 style=\"text-align: left;\">Video<\/h3>\n<p>[\/vc_column_text][vc_video link=\u00bbhttps:\/\/youtu.be\/sl7Gdaddd9k\u00bb align=\u00bbcenter\u00bb css_animation=\u00bbfadeInUp\u00bb][vc_column_text]<\/p>\n<h3 style=\"text-align: left;\">Ubicaci\u00f3n<\/h3>\n<p>[\/vc_column_text][vc_gmaps link=\u00bb#E-8_JTNDaWZyYW1lJTIwc3JjJTNEJTIyaHR0cHMlM0ElMkYlMkZ3d3cuZ29vZ2xlLmNvbSUyRm1hcHMlMkZlbWJlZCUzRnBiJTNEJTIxMW0xOCUyMTFtMTIlMjExbTMlMjExZDIzODE3LjUyNzI1MDQ0Njc4MyUyMTJkLTU0Ljk0NzY3MjQ4NTk0NzgwNSUyMTNkLTM0Ljk1MjE4NDI5NDk3MDY4NSUyMTJtMyUyMTFmMCUyMTJmMCUyMTNmMCUyMTNtMiUyMTFpMTAyNCUyMTJpNzY4JTIxNGYxMy4xJTIxM20zJTIxMW0yJTIxMXMweDAlMjUzQTB4MCUyMTJ6TXpUQ3NEVTJKelF5TGpBaVV5QTFOTUt3TlRVbk16a3VPQ0pYJTIxNWUwJTIxM20yJTIxMXNlcyUyMTJzdXMlMjE0djE0OTQzNTk2NTg2MjYlMjIlMjB3aWR0aCUzRCUyMjgwMCUyMiUyMGhlaWdodCUzRCUyMjM2MCUyMiUyMGZyYW1lYm9yZGVyJTNEJTIyMCUyMiUyMHN0eWxlJTNEJTIyYm9yZGVyJTNBMCUyMiUyMGFsbG93ZnVsbHNjcmVlbiUzRSUzQyUyRmlmcmFtZSUzRQ==\u00bb][\/vc_column][\/vc_row]<\/p>\n","protected":false},"excerpt":{"rendered":"<p>[vc_row][vc_column][vc_gallery type=\u00bbflexslider_slide\u00bb interval=\u00bb3&#8243; images=\u00bb1406,739,733,735,737,732,736,734&#8243; img_size=\u00bblarge\u00bb css_animation=\u00bbfadeInDown\u00bb][vc_column_text css_animation=\u00bbfadeIn\u00bb] Vos entre el cielo, el mar y los pinos El bosque y el Atl\u00e1ntico parecen cuadros a trav\u00e9s de los amplios ventanales de ONE, un proyecto innovador, moderno y con tecnolog\u00eda de \u00faltima generaci\u00f3n para el cuidado del medio ambiente. Todas las edades tienen su espacio de lujo [&hellip;]<\/p>\n","protected":false},"author":7,"featured_media":0,"parent":0,"menu_order":0,"comment_status":"closed","ping_status":"closed","template":"","meta":{"inline_featured_image":false,"_monsterinsights_skip_tracking":false,"_monsterinsights_sitenote_active":false,"_monsterinsights_sitenote_note":"","_monsterinsights_sitenote_category":0,"_joinchat":[],"footnotes":""},"class_list":["post-944","page","type-page","status-publish","hentry"],"_links":{"self":[{"href":"https:\/\/wmw.uy\/inmobiliaria\/wp-json\/wp\/v2\/pages\/944","targetHints":{"allow":["GET"]}}],"collection":[{"href":"https:\/\/wmw.uy\/inmobiliaria\/wp-json\/wp\/v2\/pages"}],"about":[{"href":"https:\/\/wmw.uy\/inmobiliaria\/wp-json\/wp\/v2\/types\/page"}],"author":[{"embeddable":true,"href":"https:\/\/wmw.uy\/inmobiliaria\/wp-json\/wp\/v2\/users\/7"}],"replies":[{"embeddable":true,"href":"https:\/\/wmw.uy\/inmobiliaria\/wp-json\/wp\/v2\/comments?post=944"}],"version-history":[{"count":40,"href":"https:\/\/wmw.uy\/inmobiliaria\/wp-json\/wp\/v2\/pages\/944\/revisions"}],"predecessor-version":[{"id":2014,"href":"https:\/\/wmw.uy\/inmobiliaria\/wp-json\/wp\/v2\/pages\/944\/revisions\/2014"}],"wp:attachment":[{"href":"https:\/\/wmw.uy\/inmobiliaria\/wp-json\/wp\/v2\/media?parent=944"}],"curies":[{"name":"wp","href":"https:\/\/api.w.org\/{rel}","templated":true}]}}